{"id":12,"date":"2024-09-25T19:37:29","date_gmt":"2024-09-25T17:37:29","guid":{"rendered":"https:\/\/www.knivstakammarkor.se\/?page_id=12"},"modified":"2025-01-07T18:12:20","modified_gmt":"2025-01-07T17:12:20","slug":"kontakt","status":"publish","type":"page","link":"https:\/\/www.knivstakammarkor.se\/index.php\/kontakt\/","title":{"rendered":"Kontakt"},"content":{"rendered":"\n<h2 class=\"wp-block-heading\">Kontakt<\/h2>\n\n\n\n<div class=\"wp-block-group is-layout-grid wp-container-core-group-is-layout-478b6e6b wp-block-group-is-layout-grid\">\n<figure class=\"wp-block-image size-full wp-container-content-69bc4bdf\"><img loading=\"lazy\" decoding=\"async\" width=\"186\" height=\"292\" src=\"https:\/\/www.knivstakammarkor.se\/wp-content\/uploads\/2024\/12\/K_logo.jpg\" alt=\"\" class=\"wp-image-46\"\/><\/figure>\n\n\n\n<p class=\"wp-container-content-69bc4bdf\"><br>Knivsta Kammak\u00f6r<br>c\/o Karl Klintstedt<br>Genv\u00e4gen 30<br>741 44 Knivsta<br><br>Bankgiro: 5271-2361<\/p>\n\n\n\n<p><br>Ordf\u00f6rande:<br>Maria Engedahl<br>Tornv\u00e4gen 1<br>741 42 Knivsta<br><\/p>\n\n\n\n<p><br>Vi repeterar:<br>M\u00e5ndagar kl 19-21<br>S:ta Birgittakyrkan <br>(j\u00e4mna veckor) och Rastst\u00e4llet (udda veckor)<\/p>\n<\/div>\n\n\n\n<p><\/p>\n","protected":false},"excerpt":{"rendered":"<p>Kontakt Knivsta Kammak\u00f6rc\/o Karl KlintstedtGenv\u00e4gen 30741 44 Knivsta Bankgiro: 5271-2361 Ordf\u00f6rande:Maria EngedahlTornv\u00e4gen 1741 42 Knivsta Vi repeterar:M\u00e5ndagar kl 19-21S:ta Birgittakyrkan (j\u00e4mna veckor) och Rastst\u00e4llet (udda veckor)<\/p>\n","protected":false},"author":1,"featured_media":0,"parent":0,"menu_order":0,"comment_status":"closed","ping_status":"closed","template":"","meta":{"footnotes":""},"class_list":["post-12","page","type-page","status-publish","hentry"],"_links":{"self":[{"href":"https:\/\/www.knivstakammarkor.se\/index.php\/wp-json\/wp\/v2\/pages\/12","targetHints":{"allow":["GET"]}}],"collection":[{"href":"https:\/\/www.knivstakammarkor.se\/index.php\/wp-json\/wp\/v2\/pages"}],"about":[{"href":"https:\/\/www.knivstakammarkor.se\/index.php\/wp-json\/wp\/v2\/types\/page"}],"author":[{"embeddable":true,"href":"https:\/\/www.knivstakammarkor.se\/index.php\/wp-json\/wp\/v2\/users\/1"}],"replies":[{"embeddable":true,"href":"https:\/\/www.knivstakammarkor.se\/index.php\/wp-json\/wp\/v2\/comments?post=12"}],"version-history":[{"count":9,"href":"https:\/\/www.knivstakammarkor.se\/index.php\/wp-json\/wp\/v2\/pages\/12\/revisions"}],"predecessor-version":[{"id":201,"href":"https:\/\/www.knivstakammarkor.se\/index.php\/wp-json\/wp\/v2\/pages\/12\/revisions\/201"}],"wp:attachment":[{"href":"https:\/\/www.knivstakammarkor.se\/index.php\/wp-json\/wp\/v2\/media?parent=12"}],"curies":[{"name":"wp","href":"https:\/\/api.w.org\/{rel}","templated":true}]}}